{"id":70,"date":"2026-03-31T19:46:27","date_gmt":"2026-03-31T19:46:27","guid":{"rendered":"http:\/\/haafbiohof.de\/?page_id=70"},"modified":"2026-03-31T19:47:56","modified_gmt":"2026-03-31T19:47:56","slug":"datenschutz","status":"publish","type":"page","link":"http:\/\/haafbiohof.de\/?page_id=70","title":{"rendered":"Datenschutz"},"content":{"rendered":"\t\t<div data-elementor-type=\"wp-page\" data-elementor-id=\"70\" class=\"elementor elementor-70\">\n\t\t\t\t<div class=\"elementor-element elementor-element-c5338c6 e-flex e-con-boxed e-con e-parent\" data-id=\"c5338c6\" data-element_type=\"container\" data-e-type=\"container\">\n\t\t\t\t\t<div class=\"e-con-inner\">\n\t\t\t\t<div class=\"elementor-element elementor-element-5bdbd4f elementor-widget elementor-widget-text-editor\" data-id=\"5bdbd4f\" data-element_type=\"widget\" data-e-type=\"widget\" data-widget_type=\"text-editor.default\">\n\t\t\t\t\t\t\t\t\t<p><strong>Datenschutzerkl\u00e4rung<\/strong><\/p><p><strong>1. Allgemeine Hinweise<\/strong><br \/>Der Schutz Ihrer pers\u00f6nlichen Daten ist uns ein besonderes Anliegen. Wir behandeln Ihre personenbezogenen Daten vertraulich und entsprechend der gesetzlichen Datenschutzvorschriften sowie dieser Datenschutzerkl\u00e4rung.<\/p><hr \/><p><strong>2. Verantwortlicher<\/strong><br \/>Haaf Biohof<br \/>Thomas Haaf<br \/>Ringstr. 16<br \/>97957 Wittighausen<\/p><p>Telefon: \u202d+49 9347 929012\u202c<br \/>E-Mail: info@haafbiohof.de<\/p><hr \/><p><strong>3. Erhebung und Speicherung personenbezogener Daten sowie Art und Zweck der Verwendung<\/strong><\/p><p><strong>a) Beim Besuch der Website<\/strong><br \/>Beim Aufrufen unserer Website werden durch den Hosting-Anbieter automatisch Informationen erfasst. Dies sind z. B.:<\/p><ul><li><p>IP-Adresse<\/p><\/li><li><p>Datum und Uhrzeit der Anfrage<\/p><\/li><li><p>Browsertyp und Browserversion<\/p><\/li><li><p>verwendetes Betriebssystem<\/p><\/li><\/ul><p>Diese Daten dienen der technischen Bereitstellung und Sicherheit der Website.<\/p><hr \/><p><strong>b) Kontaktformular<\/strong><br \/>Wenn Sie uns per Kontaktformular Anfragen zukommen lassen, werden Ihre Angaben aus dem Formular inklusive der von Ihnen dort angegebenen Kontaktdaten zwecks Bearbeitung der Anfrage gespeichert.<\/p><p>Diese Daten geben wir nicht ohne Ihre Einwilligung weiter.<\/p><hr \/><p><strong>4. Hosting<\/strong><br \/>Unsere Website wird bei einem externen Dienstleister (Hosting-Anbieter) gehostet. Die personenbezogenen Daten, die auf dieser Website erfasst werden, werden auf den Servern des Hosters gespeichert.<\/p><hr \/><p><strong>5. Ihre Rechte<\/strong><br \/>Sie haben jederzeit das Recht auf:<\/p><ul><li><p>Auskunft \u00fcber Ihre gespeicherten Daten<\/p><\/li><li><p>Berichtigung<\/p><\/li><li><p>L\u00f6schung<\/p><\/li><li><p>Einschr\u00e4nkung der Verarbeitung<\/p><\/li><li><p>Widerspruch gegen die Verarbeitung<\/p><\/li><\/ul><p>Hierzu sowie zu weiteren Fragen k\u00f6nnen Sie sich jederzeit an uns wenden.<\/p><hr \/><p><strong>6. Widerruf Ihrer Einwilligung<\/strong><br \/>Viele Datenverarbeitungsvorg\u00e4nge sind nur mit Ihrer ausdr\u00fccklichen Einwilligung m\u00f6glich. Sie k\u00f6nnen eine bereits erteilte Einwilligung jederzeit widerrufen.<\/p><hr \/><p><strong>7. Beschwerderecht bei der zust\u00e4ndigen Aufsichtsbeh\u00f6rde<\/strong><br \/>Im Falle datenschutzrechtlicher Verst\u00f6\u00dfe steht Ihnen ein Beschwerderecht bei einer Aufsichtsbeh\u00f6rde zu.<\/p><hr \/><p><strong>8. SSL- bzw. TLS-Verschl\u00fcsselung<\/strong><br \/>Diese Seite nutzt aus Sicherheitsgr\u00fcnden eine SSL- bzw. TLS-Verschl\u00fcsselung.<\/p>\t\t\t\t\t\t\t\t<\/div>\n\t\t\t\t\t<\/div>\n\t\t\t\t<\/div>\n\t\t\t\t<\/div>\n\t\t","protected":false},"excerpt":{"rendered":"<p>Datenschutzerkl\u00e4rung 1. Allgemeine HinweiseDer Schutz Ihrer pers\u00f6nlichen Daten ist uns ein besonderes Anliegen. Wir behandeln Ihre personenbezogenen Daten vertraulich und [&hellip;]<\/p>\n","protected":false},"author":1,"featured_media":0,"parent":0,"menu_order":0,"comment_status":"closed","ping_status":"closed","template":"elementor_header_footer","meta":{"site-sidebar-layout":"no-sidebar","site-content-layout":"","ast-site-content-layout":"full-width-container","site-content-style":"default","site-sidebar-style":"default","ast-global-header-display":"","ast-banner-title-visibility":"","ast-main-header-display":"","ast-hfb-above-header-display":"","ast-hfb-below-header-display":"","ast-hfb-mobile-header-display":"","site-post-title":"","ast-breadcrumbs-content":"","ast-featured-img":"disabled","footer-sml-layout":"","ast-disable-related-posts":"","theme-transparent-header-meta":"","adv-header-id-meta":"","stick-header-meta":"","header-above-stick-meta":"","header-main-stick-meta":"","header-below-stick-meta":"","astra-migrate-meta-layouts":"default","ast-page-background-enabled":"default","ast-page-background-meta":{"desktop":{"background-color":"var(--ast-global-color-5)","background-image":"","background-repeat":"repeat","background-position":"center center","background-size":"auto","background-attachment":"scroll","background-type":"","background-media":"","overlay-type":"","overlay-color":"","overlay-opacity":"","overlay-gradient":""},"tablet":{"background-color":"","background-image":"","background-repeat":"repeat","background-position":"center center","background-size":"auto","background-attachment":"scroll","background-type":"","background-media":"","overlay-type":"","overlay-color":"","overlay-opacity":"","overlay-gradient":""},"mobile":{"background-color":"","background-image":"","background-repeat":"repeat","background-position":"center center","background-size":"auto","background-attachment":"scroll","background-type":"","background-media":"","overlay-type":"","overlay-color":"","overlay-opacity":"","overlay-gradient":""}},"ast-content-background-meta":{"desktop":{"background-color":"var(--ast-global-color-4)","background-image":"","background-repeat":"repeat","background-position":"center center","background-size":"auto","background-attachment":"scroll","background-type":"","background-media":"","overlay-type":"","overlay-color":"","overlay-opacity":"","overlay-gradient":""},"tablet":{"background-color":"var(--ast-global-color-4)","background-image":"","background-repeat":"repeat","background-position":"center center","background-size":"auto","background-attachment":"scroll","background-type":"","background-media":"","overlay-type":"","overlay-color":"","overlay-opacity":"","overlay-gradient":""},"mobile":{"background-color":"var(--ast-global-color-4)","background-image":"","background-repeat":"repeat","background-position":"center center","background-size":"auto","background-attachment":"scroll","background-type":"","background-media":"","overlay-type":"","overlay-color":"","overlay-opacity":"","overlay-gradient":""}},"footnotes":""},"class_list":["post-70","page","type-page","status-publish","hentry"],"_links":{"self":[{"href":"http:\/\/haafbiohof.de\/index.php?rest_route=\/wp\/v2\/pages\/70","targetHints":{"allow":["GET"]}}],"collection":[{"href":"http:\/\/haafbiohof.de\/index.php?rest_route=\/wp\/v2\/pages"}],"about":[{"href":"http:\/\/haafbiohof.de\/index.php?rest_route=\/wp\/v2\/types\/page"}],"author":[{"embeddable":true,"href":"http:\/\/haafbiohof.de\/index.php?rest_route=\/wp\/v2\/users\/1"}],"replies":[{"embeddable":true,"href":"http:\/\/haafbiohof.de\/index.php?rest_route=%2Fwp%2Fv2%2Fcomments&post=70"}],"version-history":[{"count":4,"href":"http:\/\/haafbiohof.de\/index.php?rest_route=\/wp\/v2\/pages\/70\/revisions"}],"predecessor-version":[{"id":74,"href":"http:\/\/haafbiohof.de\/index.php?rest_route=\/wp\/v2\/pages\/70\/revisions\/74"}],"wp:attachment":[{"href":"http:\/\/haafbiohof.de\/index.php?rest_route=%2Fwp%2Fv2%2Fmedia&parent=70"}],"curies":[{"name":"wp","href":"https:\/\/api.w.org\/{rel}","templated":true}]}}