{"id":12,"date":"2026-03-31T18:59:37","date_gmt":"2026-03-31T18:59:37","guid":{"rendered":"http:\/\/haafbiohof.de\/?page_id=12"},"modified":"2026-03-31T20:01:20","modified_gmt":"2026-03-31T20:01:20","slug":"ueber-uns","status":"publish","type":"page","link":"http:\/\/haafbiohof.de\/?page_id=12","title":{"rendered":"\u00dcber uns"},"content":{"rendered":"\t\t<div data-elementor-type=\"wp-page\" data-elementor-id=\"12\" class=\"elementor elementor-12\">\n\t\t\t\t<div class=\"elementor-element elementor-element-896105c e-flex e-con-boxed e-con e-parent\" data-id=\"896105c\" data-element_type=\"container\" data-e-type=\"container\">\n\t\t\t\t\t<div class=\"e-con-inner\">\n\t\t\t\t<div class=\"elementor-element elementor-element-c446721 elementor-widget elementor-widget-text-editor\" data-id=\"c446721\" data-element_type=\"widget\" data-e-type=\"widget\" data-widget_type=\"text-editor.default\">\n\t\t\t\t\t\t\t\t\t<p class=\"e-paragraph-base\" data-pm-slice=\"1 1 []\">Der Haaf Biohof wird von Thomas und Lucia Haaf gef\u00fchrt. Seit 1989 arbeiten wir nach \u00f6kologischen Prinzipien und setzen auf nachhaltige Kreisl\u00e4ufe \u2013 von der Futtermittelproduktion bis zur Vermarktung.<\/p>\t\t\t\t\t\t\t\t<\/div>\n\t\t\t\t\t<\/div>\n\t\t\t\t<\/div>\n\t\t\t\t<div class=\"elementor-element elementor-element-047603c e-con e-atomic-element e-flexbox-base\" data-id=\"047603c\" data-element_type=\"e-flexbox\" data-e-type=\"e-flexbox\" data-interaction-id=\"047603c\">\n\t\t\t\t\t\t\t\n\t\t<img class=\"e-image-base \" \n\t\t\t\t\tdata-interaction-id=\"afea2d6\" \n\t\t \n\t\t \n\t\t\t\t\t\t\t\t\tid=\"54\"\n\t\t\t\t\t\t\t\t\t\t\t\tsrc=\"http:\/\/haafbiohof.de\/wp-content\/uploads\/2026\/03\/Haaf_Slider_150415-01.jpg\"\n\t\t\t\t\t\t\t\t\t\t\t\twidth=\"1900\"\n\t\t\t\t\t\t\t\t\t\t\t\theight=\"600\"\n\t\t\t\t\t\t\t\t\t\t\t\tsrcset=\"http:\/\/haafbiohof.de\/wp-content\/uploads\/2026\/03\/Haaf_Slider_150415-01.jpg 1900w, http:\/\/haafbiohof.de\/wp-content\/uploads\/2026\/03\/Haaf_Slider_150415-01-300x95.jpg 300w, http:\/\/haafbiohof.de\/wp-content\/uploads\/2026\/03\/Haaf_Slider_150415-01-1024x323.jpg 1024w, http:\/\/haafbiohof.de\/wp-content\/uploads\/2026\/03\/Haaf_Slider_150415-01-768x243.jpg 768w, http:\/\/haafbiohof.de\/wp-content\/uploads\/2026\/03\/Haaf_Slider_150415-01-1536x485.jpg 1536w\"\n\t\t\t\t\t\t\t\t\t\t\t\talt=\"\"\n\t\t\t\t\t\t\/>\n\t\t\t\t\t<\/div>\n\t\t\t\t<\/div>\n\t\t","protected":false},"excerpt":{"rendered":"<p>Der Haaf Biohof wird von Thomas und Lucia Haaf gef\u00fchrt. Seit 1989 arbeiten wir nach \u00f6kologischen Prinzipien und setzen auf [&hellip;]<\/p>\n","protected":false},"author":1,"featured_media":0,"parent":0,"menu_order":0,"comment_status":"closed","ping_status":"closed","template":"elementor_header_footer","meta":{"site-sidebar-layout":"no-sidebar","site-content-layout":"","ast-site-content-layout":"full-width-container","site-content-style":"default","site-sidebar-style":"default","ast-global-header-display":"","ast-banner-title-visibility":"","ast-main-header-display":"","ast-hfb-above-header-display":"","ast-hfb-below-header-display":"","ast-hfb-mobile-header-display":"","site-post-title":"","ast-breadcrumbs-content":"","ast-featured-img":"disabled","footer-sml-layout":"","ast-disable-related-posts":"","theme-transparent-header-meta":"","adv-header-id-meta":"","stick-header-meta":"","header-above-stick-meta":"","header-main-stick-meta":"","header-below-stick-meta":"","astra-migrate-meta-layouts":"default","ast-page-background-enabled":"default","ast-page-background-meta":{"desktop":{"background-color":"var(--ast-global-color-5)","background-image":"","background-repeat":"repeat","background-position":"center center","background-size":"auto","background-attachment":"scroll","background-type":"","background-media":"","overlay-type":"","overlay-color":"","overlay-opacity":"","overlay-gradient":""},"tablet":{"background-color":"","background-image":"","background-repeat":"repeat","background-position":"center center","background-size":"auto","background-attachment":"scroll","background-type":"","background-media":"","overlay-type":"","overlay-color":"","overlay-opacity":"","overlay-gradient":""},"mobile":{"background-color":"","background-image":"","background-repeat":"repeat","background-position":"center center","background-size":"auto","background-attachment":"scroll","background-type":"","background-media":"","overlay-type":"","overlay-color":"","overlay-opacity":"","overlay-gradient":""}},"ast-content-background-meta":{"desktop":{"background-color":"var(--ast-global-color-4)","background-image":"","background-repeat":"repeat","background-position":"center center","background-size":"auto","background-attachment":"scroll","background-type":"","background-media":"","overlay-type":"","overlay-color":"","overlay-opacity":"","overlay-gradient":""},"tablet":{"background-color":"var(--ast-global-color-4)","background-image":"","background-repeat":"repeat","background-position":"center center","background-size":"auto","background-attachment":"scroll","background-type":"","background-media":"","overlay-type":"","overlay-color":"","overlay-opacity":"","overlay-gradient":""},"mobile":{"background-color":"var(--ast-global-color-4)","background-image":"","background-repeat":"repeat","background-position":"center center","background-size":"auto","background-attachment":"scroll","background-type":"","background-media":"","overlay-type":"","overlay-color":"","overlay-opacity":"","overlay-gradient":""}},"footnotes":""},"class_list":["post-12","page","type-page","status-publish","hentry"],"_links":{"self":[{"href":"http:\/\/haafbiohof.de\/index.php?rest_route=\/wp\/v2\/pages\/12","targetHints":{"allow":["GET"]}}],"collection":[{"href":"http:\/\/haafbiohof.de\/index.php?rest_route=\/wp\/v2\/pages"}],"about":[{"href":"http:\/\/haafbiohof.de\/index.php?rest_route=\/wp\/v2\/types\/page"}],"author":[{"embeddable":true,"href":"http:\/\/haafbiohof.de\/index.php?rest_route=\/wp\/v2\/users\/1"}],"replies":[{"embeddable":true,"href":"http:\/\/haafbiohof.de\/index.php?rest_route=%2Fwp%2Fv2%2Fcomments&post=12"}],"version-history":[{"count":13,"href":"http:\/\/haafbiohof.de\/index.php?rest_route=\/wp\/v2\/pages\/12\/revisions"}],"predecessor-version":[{"id":93,"href":"http:\/\/haafbiohof.de\/index.php?rest_route=\/wp\/v2\/pages\/12\/revisions\/93"}],"wp:attachment":[{"href":"http:\/\/haafbiohof.de\/index.php?rest_route=%2Fwp%2Fv2%2Fmedia&parent=12"}],"curies":[{"name":"wp","href":"https:\/\/api.w.org\/{rel}","templated":true}]}}